{"id":1241,"date":"2025-09-10T18:37:01","date_gmt":"2025-09-10T16:37:01","guid":{"rendered":"https:\/\/sadhana.adrianatma.com\/?page_id=1241"},"modified":"2026-04-06T23:12:29","modified_gmt":"2026-04-06T21:12:29","slug":"qui-suis-je","status":"publish","type":"page","link":"https:\/\/sadhana.adrianatma.com\/fr\/who-i-am","title":{"rendered":"Qui suis-je ?"},"content":{"rendered":"<div class=\"brz brz-root__container brz-reset-all brz-root__container-page\">\n<section id=\"uuqVUWOCDIfI_uuqVUWOCDIfI\" class=\"brz-section brz-css-d-section brz-css-1rhbid4\">\n<div class=\"brz-section__content brz-section--fullWidth brz-css-d-sectionitem-bg brz-css-1yqqpe0\" data-brz-custom-id=\"xIxA838KUrxg\">\n<div class=\"brz-bg\">\n<div class=\"brz-bg-image brz-bg-image-parallax\"><\/div>\n<div class=\"brz-bg-color\"><\/div>\n<div class=\"brz-bg-shape brz-bg-shape__bottom\"><\/div>\n<\/div>\n<div class=\"brz-container brz-css-d-sectionitem-container brz-css-1q6xrw4\">\n<div id=\"\" class=\"brz-css-d-wrapper brz-css-dcjfxe brz-wrapper\">\n<div class=\"brz-rich-text brz-rich-text__custom brz-css-d-richtext brz-css-zna2ow\" data-brz-custom-id=\"tp1DO52HToUc\">\n<div data-brz-translate-text=\"1\">\n<h1 class=\"brz-fs-lg-64 brz-text-lg-center brz-tp-xs-empty brz-fs-xs-36 brz-fss-xs-px brz-fw-xs-700 brz-ls-xs-m_1_5 brz-lh-xs-1_3 brz-text-xs-center brz-fss-lg-px brz-fw-lg-500 brz-ls-lg-m_1_5 brz-lh-lg-1_3 brz-tp-lg-empty brz-ff-laila brz-ft-google brz-mt-lg-100 brz-css-lksXq\" data-generated-css=\"brz-css-p2huo\" data-uniq-id=\"geYqU\"><span class=\"brz-cp-color8\">Qui suis-je ?<\/span><\/h1>\n<\/div>\n<\/div>\n<\/div>\n<\/div>\n<\/div>\n<\/section>\n<section id=\"duQ5wxgHnbsx_duQ5wxgHnbsx\" class=\"brz-section brz-css-d-section brz-css-1lwu5k0\">\n<div class=\"brz-section__content brz-section--boxed brz-css-d-sectionitem-bg brz-css-1sl3xul\" data-brz-custom-id=\"ms7r7Jf5WABH\">\n<div class=\"brz-bg\">\n<div class=\"brz-bg-color\"><\/div>\n<\/div>\n<div class=\"brz-container brz-css-d-sectionitem-container brz-css-w88xk9\">\n<div id=\"\" class=\"brz-css-d-wrapper brz-css-k4px94 brz-wrapper\">\n<div class=\"brz-rich-text brz-rich-text__custom brz-css-d-richtext brz-css-vm8es4\" data-brz-custom-id=\"prY_6AYXM1SH\">\n<div data-brz-translate-text=\"1\">\n<h2 class=\"brz-text-lg-center brz-tp-lg-heading2 brz-css-brR44\" data-generated-css=\"brz-css-a3ou4\" data-uniq-id=\"wi3F6\"><span class=\"brz-cp-color2\">Qui suis-je ?<\/span><\/h2>\n<\/div>\n<\/div>\n<\/div>\n<div id=\"\" class=\"brz-css-d-wrapper brz-css-1oive2l brz-wrapper\">\n<div class=\"brz-rich-text brz-rich-text__custom brz-css-d-richtext brz-css-v81xnm\" data-brz-custom-id=\"tG5Kr7wmqP6w\">\n<div data-brz-translate-text=\"1\">\n<p class=\"brz-text-lg-center brz-tp-lg-empty brz-ff-comfortaa brz-ft-google brz-fs-lg-29 brz-fss-lg-px brz-fw-lg-400 brz-ls-lg-0 brz-lh-lg-1_9 brz-vfw-lg-400 brz-fwdth-lg-100 brz-fsft-lg-0 brz-fss-xs-px brz-fw-xs-400 brz-ls-xs-0 brz-lh-xs-1_9 brz-vfw-xs-400 brz-fwdth-xs-100 brz-fsft-xs-0 brz-tp-xs-empty brz-fs-xs-15 brz-css-tOKpg\" data-generated-css=\"brz-css-g4PYI\" data-uniq-id=\"xUula\"><strong>Adrian Atma<\/strong> est un enseignant international, un d\u00e9tenteur d'espace, un animateur de retraites pour hommes, un coach personnel et un musicien professionnel. Guid\u00e9 par un voyage de toute une vie \u00e0 travers le monde, son chemin a \u00e9t\u00e9 fa\u00e7onn\u00e9 par une profonde d\u00e9votion \u00e0 l'exploration des profondeurs de la vie, de la conscience et du potentiel humain.<\/p>\n<p class=\"brz-text-lg-center brz-tp-lg-empty brz-ff-comfortaa brz-ft-google brz-fs-lg-29 brz-fss-lg-px brz-fw-lg-400 brz-ls-lg-0 brz-lh-lg-1_9 brz-vfw-lg-400 brz-fwdth-lg-100 brz-fsft-lg-0 brz-fss-xs-px brz-fw-xs-400 brz-ls-xs-0 brz-lh-xs-1_9 brz-vfw-xs-400 brz-fwdth-xs-100 brz-fsft-xs-0 brz-tp-xs-empty brz-fs-xs-15 brz-css-djDCd\" data-generated-css=\"brz-css-yrwyM\" data-uniq-id=\"d1adb\">Originaire de France et p\u00e8re d'un fils de 12 ans, Adrian a int\u00e9gr\u00e9 le voyage, la pr\u00e9sence et l'incarnation dans sa vie personnelle et dans son travail. Depuis plus de <strong>10 ans<\/strong>, il a enseign\u00e9 <strong>Tantra, spiritualit\u00e9 et yoga<\/strong>, Il guide les individus et les groupes \u00e0 travers des processus de transformation int\u00e9rieure.<\/p>\n<p class=\"brz-text-lg-center brz-tp-lg-empty brz-ff-comfortaa brz-ft-google brz-fs-lg-29 brz-fss-lg-px brz-fw-lg-400 brz-ls-lg-0 brz-lh-lg-1_9 brz-vfw-lg-400 brz-fwdth-lg-100 brz-fsft-lg-0 brz-fss-xs-px brz-fw-xs-400 brz-ls-xs-0 brz-lh-xs-1_9 brz-vfw-xs-400 brz-fwdth-xs-100 brz-fsft-xs-0 brz-tp-xs-empty brz-fs-xs-15 brz-css-hwLku\" data-generated-css=\"brz-css-qaUvk\" data-uniq-id=\"yKfXC\">Il est le cr\u00e9ateur de la <strong>Respirer pour se transformer<\/strong> method, a powerful breathwork approach designed to release emotional\/energetical blockages, expand vitality, and reconnect to their deep inner peace, embodied truth. Adrian also facilitates therapeutic healing using an effective NLP-based psychological approach called &#8220;<strong>self-concept&#8221; transformation<\/strong>, L'objectif est d'aider les individus \u00e0 recr\u00e9er des sch\u00e9mas d'identit\u00e9 \u00e0 un niveau profond et durable.<\/p>\n<\/div>\n<\/div>\n<\/div>\n<div id=\"\" class=\"brz-css-d-wrapper brz-css-10e13te brz-wrapper\">\n<div class=\"brz-image brz-css-d-image-bdeupinhg4ta-parent brz-css-1owpc6f\" data-brz-custom-id=\"bdeuPiNhG4TA\"><img decoding=\"async\" class=\"brz-img\" src=\"https:\/\/sadhana.adrianatma.com\/wp-content\/uploads\/2026\/02\/adrian-atma.webp\" loading=\"lazy\" title=\"\"><\/div>\n<\/div>\n<\/div>\n<\/div>\n<\/section>\n<section id=\"tf_oczbVNj61_tf_oczbVNj61\" class=\"brz-section brz-css-d-section brz-css-qic707\">\n<div class=\"brz-section__content brz-section--boxed brz-css-d-sectionitem-bg brz-css-1vkbv45\" data-brz-custom-id=\"maCT8D0oZ5kt\">\n<div class=\"brz-container brz-css-d-sectionitem-container brz-css-kzl0yq\"><\/div>\n<\/div>\n<\/section><\/div>\n<p><!-- version:1770267899 --><\/p>","protected":false},"excerpt":{"rendered":"<p>Who am i ? Who am i ? Adrian Atma is an international teacher, space holder, men\u2019s retreat leader, personal coach and professional musician. Guided by a lifelong journey across the world, his path has been shaped by a deep devotion to exploring the depths of life, consciousness, and human potential. Originally from France, father &#8230; <a title=\"Qui suis-je ?\" class=\"read-more\" href=\"https:\/\/sadhana.adrianatma.com\/fr\/who-i-am\" aria-label=\"En savoir plus sur Who i am ?\">Lire la suite<\/a><\/p>","protected":false},"author":1,"featured_media":0,"parent":0,"menu_order":4,"comment_status":"closed","ping_status":"closed","template":"brizy-blank-template.php","meta":{"_seopress_robots_primary_cat":"","_seopress_titles_title":"","_seopress_titles_desc":"","_seopress_robots_index":"","footnotes":""},"class_list":["post-1241","page","type-page","status-publish"],"brizy_media":[{"id":7,"url":"https:\/\/sadhana.adrianatma.com\/wp-content\/uploads\/2024\/06\/logo-trans.png","name":"logo-trans.png","meta":{"brizy_attachment_uid":"wp-38225a5d683fb47d7b4f9fd8cfa8fc24.png","brizy_post_uid":["899c8611cf083c167cdf8d59b779c294"]}},{"id":23,"url":"https:\/\/sadhana.adrianatma.com\/wp-content\/uploads\/brizy\/21\/assets\/images\/IMG-8556-jpg-x700.jpg","name":"IMG-8556-jpg-x700.jpg","meta":{"brizy_attachment_uid":"wp-c870e1c1c2b3473073aa8832ee59ab0a.jpg","brizy_post_uid":["899c8611cf083c167cdf8d59b779c294"]}},{"id":40,"url":"https:\/\/sadhana.adrianatma.com\/wp-content\/uploads\/brizy\/36\/assets\/images\/IMG_0530-scaled.jpg","name":"IMG_0530-\u00e9chelle.jpg","meta":{"brizy_attachment_uid":"wp-02134174a29c171f64049bec38a4b528.jpg","brizy_post_uid":["899c8611cf083c167cdf8d59b779c294"]}},{"id":43,"url":"https:\/\/sadhana.adrianatma.com\/wp-content\/uploads\/brizy\/41\/assets\/images\/IMG_0490-scaled.jpg","name":"IMG_0490-\u00e9chelle.jpg","meta":{"brizy_attachment_uid":"wp-8cf3d196cda63caf731ca6459dacb09d.jpg","brizy_post_uid":["899c8611cf083c167cdf8d59b779c294"]}},{"id":70,"url":"https:\/\/sadhana.adrianatma.com\/wp-content\/uploads\/2024\/06\/IMG_0534-scaled.jpg","name":"IMG_0534.jpg","meta":{"brizy_attachment_uid":"wp-203f8f622f95fa55ffdcf65f750590cd.jpg","brizy_post_uid":["899c8611cf083c167cdf8d59b779c294"]}},{"id":83,"url":"https:\/\/sadhana.adrianatma.com\/wp-content\/uploads\/2024\/06\/IMG_8531-scaled.jpg","name":"IMG_8531.jpg","meta":{"brizy_attachment_uid":"wp-afe320857f507946f0d6b5c89799cc69.jpg","brizy_post_uid":["899c8611cf083c167cdf8d59b779c294"]}},{"id":114,"url":"https:\/\/sadhana.adrianatma.com\/wp-content\/uploads\/2024\/06\/divine-masculine-signs.jpeg","name":"divine-masculine-signs.jpeg","meta":{"brizy_attachment_uid":"wp-443d0982ac692a1869d4347bf0c8bd7e.jpeg","brizy_post_uid":["899c8611cf083c167cdf8d59b779c294"]}},{"id":481,"url":"https:\/\/sadhana.adrianatma.com\/wp-content\/uploads\/2024\/06\/WhatsApp-Image-2024-06-14-at-15.43.00.jpeg","name":"WhatsApp-Image-2024-06-14-at-15.43.00.jpeg","meta":{"brizy_attachment_uid":"wp-395dd12a5288d1317a5825eff7390b9d.jpeg","brizy_post_uid":["899c8611cf083c167cdf8d59b779c294"]}},{"id":648,"url":"https:\/\/sadhana.adrianatma.com\/wp-content\/uploads\/2024\/10\/WhatsApp-Image-2024-10-05-at-21.12.52.jpeg","name":"WhatsApp-Image-2024-10-05-at-21.12.52.jpeg","meta":{"brizy_attachment_uid":"wp-03e8182737cd4fd7612c135df9b3c8df.jpeg","brizy_post_uid":["899c8611cf083c167cdf8d59b779c294"]}},{"id":657,"url":"https:\/\/sadhana.adrianatma.com\/wp-content\/uploads\/2024\/10\/LOGO_TMS_white-NO-background.png","name":"LOGO_TMS_white-NO-background.png","meta":{"brizy_attachment_uid":"wp-6751fd73e23862cad904b16cfc9fa317.png","brizy_post_uid":["899c8611cf083c167cdf8d59b779c294"]}},{"id":849,"url":"https:\/\/sadhana.adrianatma.com\/wp-content\/uploads\/2024\/11\/Coaching-program.png","name":"Coaching-program.png","meta":{"brizy_attachment_uid":"wp-3ea6d99513331ab5d1df8bf3aeec57a7.png","brizy_post_uid":["899c8611cf083c167cdf8d59b779c294"]}},{"id":1048,"url":"https:\/\/sadhana.adrianatma.com\/wp-content\/uploads\/2025\/01\/LOGO_TMRwhite-NO-background.jpeg","name":"LOGO_TMRwhite-NO-background.jpeg","meta":{"brizy_attachment_uid":"wp-13981ca07445f8fadb5f25c14f0e0909.jpeg","brizy_post_uid":["899c8611cf083c167cdf8d59b779c294"]}},{"id":1125,"url":"https:\/\/sadhana.adrianatma.com\/wp-content\/uploads\/2025\/02\/Inspired-5725-scaled.jpg","name":"Inspired-5725.jpg","meta":{"brizy_attachment_uid":"wp-163138958b20a38a1711254b58bf8141.jpg","brizy_post_uid":["899c8611cf083c167cdf8d59b779c294"]}},{"id":1333,"url":"https:\/\/sadhana.adrianatma.com\/wp-content\/uploads\/2025\/09\/adrian-atma-portrait-scaled.jpg","name":"adrian-atma-portrait.jpg","meta":{"brizy_attachment_uid":"wp-cefe0b741e2e10a65b0d1278515c64aa.jpg","brizy_post_uid":["899c8611cf083c167cdf8d59b779c294"]}},{"id":1699,"url":"https:\/\/sadhana.adrianatma.com\/wp-content\/uploads\/2025\/12\/WhatsApp-Image-2025-12-12-at-08.53.02.jpeg","name":"WhatsApp-Image-2025-12-12-at-08.53.02.jpeg","meta":{"brizy_attachment_uid":"wp-b9c5a344472dc0c5d9b0047d734b318f.jpeg","brizy_post_uid":["899c8611cf083c167cdf8d59b779c294"]}},{"id":1751,"url":"https:\/\/sadhana.adrianatma.com\/wp-content\/uploads\/2026\/02\/adrian-atma.webp","name":"adrian-atma.webp","meta":{"brizy_attachment_uid":"wp-3f414b7a2d336d4342a0af858c266e4c.webp","brizy_post_uid":["899c8611cf083c167cdf8d59b779c294"]}},{"id":1810,"url":"https:\/\/sadhana.adrianatma.com\/wp-content\/uploads\/2026\/02\/adrian-atma-2-scaled.jpg","name":"adrian-atma-2.jpg","meta":{"brizy_attachment_uid":"wp-6e6faba92236ed34d5246b8913b93fae.jpg","brizy_post_uid":["899c8611cf083c167cdf8d59b779c294"]}},{"id":1832,"url":"https:\/\/sadhana.adrianatma.com\/wp-content\/uploads\/2026\/04\/logo1.png","name":"logo1.png","meta":{"brizy_attachment_uid":"wp-1d8295d2867197cbb3f01d5035fd51ab.png","brizy_post_uid":["899c8611cf083c167cdf8d59b779c294"]}}],"_links":{"self":[{"href":"https:\/\/sadhana.adrianatma.com\/fr\/wp-json\/wp\/v2\/pages\/1241","targetHints":{"allow":["GET"]}}],"collection":[{"href":"https:\/\/sadhana.adrianatma.com\/fr\/wp-json\/wp\/v2\/pages"}],"about":[{"href":"https:\/\/sadhana.adrianatma.com\/fr\/wp-json\/wp\/v2\/types\/page"}],"author":[{"embeddable":true,"href":"https:\/\/sadhana.adrianatma.com\/fr\/wp-json\/wp\/v2\/users\/1"}],"replies":[{"embeddable":true,"href":"https:\/\/sadhana.adrianatma.com\/fr\/wp-json\/wp\/v2\/comments?post=1241"}],"version-history":[{"count":15,"href":"https:\/\/sadhana.adrianatma.com\/fr\/wp-json\/wp\/v2\/pages\/1241\/revisions"}],"predecessor-version":[{"id":1808,"href":"https:\/\/sadhana.adrianatma.com\/fr\/wp-json\/wp\/v2\/pages\/1241\/revisions\/1808"}],"wp:attachment":[{"href":"https:\/\/sadhana.adrianatma.com\/fr\/wp-json\/wp\/v2\/media?parent=1241"}],"curies":[{"name":"wp","href":"https:\/\/api.w.org\/{rel}","templated":true}]}}